{"id":1280,"date":"2021-04-22T13:32:17","date_gmt":"2021-04-22T12:32:17","guid":{"rendered":"https:\/\/ms2021.parahockey.cz\/italy\/"},"modified":"2021-06-10T23:02:12","modified_gmt":"2021-06-10T21:02:12","slug":"italy","status":"publish","type":"page","link":"https:\/\/ms2021.parahockey.cz\/en\/italy\/","title":{"rendered":"Italy"},"content":{"rendered":"\n<figure class=\"wp-block-image size-large\"><img decoding=\"async\" loading=\"lazy\" width=\"1024\" height=\"683\" src=\"https:\/\/ms2021.parahockey.cz\/wp-content\/uploads\/2021\/04\/Tym-Italie-1024x683.jpg\" alt=\"Team Italy on MS 2019 in Ostrava\" class=\"wp-image-1048\" srcset=\"https:\/\/ms2021.parahockey.cz\/wp-content\/uploads\/2021\/04\/Tym-Italie-1024x683.jpg 1024w, https:\/\/ms2021.parahockey.cz\/wp-content\/uploads\/2021\/04\/Tym-Italie-300x200.jpg 300w, https:\/\/ms2021.parahockey.cz\/wp-content\/uploads\/2021\/04\/Tym-Italie-768x512.jpg 768w, https:\/\/ms2021.parahockey.cz\/wp-content\/uploads\/2021\/04\/Tym-Italie-20x13.jpg 20w, https:\/\/ms2021.parahockey.cz\/wp-content\/uploads\/2021\/04\/Tym-Italie.jpg 1200w\" sizes=\"(max-width: 1024px) 100vw, 1024px\" \/><figcaption>Team Italy on MS 2019 in Ostrava<\/figcaption><\/figure>\n<p>N\u00e1rodn\u00ed para hokejov\u00fd t\u00fdm It\u00e1lie (NPHTI) byl zalo\u017een v roce 2004. K \u00fasp\u011bch\u016fm t\u00fdmu pat\u0159\u00ed zlat\u00e1 medaile z Mistrovstv\u00ed Evropy v roce 2011 a st\u0159\u00edbrn\u00e9 medaile z Mistrovstv\u00ed Evropy v roce 2016. T\u00fdm se tak\u00e9 \u010dty\u0159ikr\u00e1t z\u00fa\u010dastnil zimn\u00edch paralympijsk\u00fdch her (2006, 2010, 2014, 2018). Nejlep\u0161\u00edho v\u00fdsledku pak t\u00fdm dos\u00e1hl na Zimn\u00edch paralympijsk\u00fdch hr\u00e1ch v Pyeongchangu, kdy\u017e obsadil \u010dtvrt\u00e9 m\u00edsto. Nejlep\u0161\u00edm v\u00fdsledkem z Mistrovstv\u00ed sv\u011bta bylo p\u00e1t\u00e9 m\u00edsto v roce 2017 v Koreji.<\/p>\n\n<p>\u201eChceme zachr\u00e1nit na\u0161e m\u00edsto v elitn\u00ed sv\u011btov\u00e9 skupin\u011b A. Pokud budeme hr\u00e1t dob\u0159e, m\u016f\u017eeme se dostat mezi p\u011bt nejlep\u0161\u00edch t\u00fdm\u016f \u0161ampion\u00e1tu. Nejlep\u0161\u00edmi t\u00fdmy turnaje bude Kanada, USA a Korea. My chceme do na\u0161\u00ed hry d\u00e1t v\u0161e, ud\u011bl\u00e1me pro to maximum, co je v na\u0161ich sil\u00e1ch,\u201d \u0159ekl Florian Planker italsk\u00fd vlajkono\u0161 z paralympi\u00e1dy v roce 2018. Na MS v para hokeji Ostrava 2019 obsadil t\u00fdm It\u00e1lie <a href=\"https:\/\/paraostrava2019.cz\/fan-zona\/program-ms\/\" class=\"rank-math-link\" target=\"_blank\" rel=\"noopener\">6. m\u00edsto<\/a> a udr\u017eel se tak v elitn\u00ed sv\u011btov\u00e9 skupin\u011b A.<\/p>\n","protected":false},"excerpt":{"rendered":"<p>N\u00e1rodn\u00ed para hokejov\u00fd t\u00fdm It\u00e1lie (NPHTI) byl zalo\u017een v roce 2004. K \u00fasp\u011bch\u016fm t\u00fdmu pat\u0159\u00ed zlat\u00e1 medaile z Mistrovstv\u00ed Evropy v roce 2011 a st\u0159\u00edbrn\u00e9 medaile z Mistrovstv\u00ed Evropy v roce 2016. T\u00fdm se tak\u00e9 \u010dty\u0159ikr\u00e1t z\u00fa\u010dastnil zimn\u00edch paralympijsk\u00fdch her (2006, 2010, 2014, 2018). Nejlep\u0161\u00edho v\u00fdsledku pak t\u00fdm dos\u00e1hl na Zimn\u00edch paralympijsk\u00fdch hr\u00e1ch v Pyeongchangu, [&hellip;]<\/p>\n","protected":false},"author":1,"featured_media":0,"parent":0,"menu_order":0,"comment_status":"closed","ping_status":"closed","template":"","meta":{"footnotes":""},"acf":[],"_links":{"self":[{"href":"https:\/\/ms2021.parahockey.cz\/en\/wp-json\/wp\/v2\/pages\/1280"}],"collection":[{"href":"https:\/\/ms2021.parahockey.cz\/en\/wp-json\/wp\/v2\/pages"}],"about":[{"href":"https:\/\/ms2021.parahockey.cz\/en\/wp-json\/wp\/v2\/types\/page"}],"author":[{"embeddable":true,"href":"https:\/\/ms2021.parahockey.cz\/en\/wp-json\/wp\/v2\/users\/1"}],"replies":[{"embeddable":true,"href":"https:\/\/ms2021.parahockey.cz\/en\/wp-json\/wp\/v2\/comments?post=1280"}],"version-history":[{"count":0,"href":"https:\/\/ms2021.parahockey.cz\/en\/wp-json\/wp\/v2\/pages\/1280\/revisions"}],"wp:attachment":[{"href":"https:\/\/ms2021.parahockey.cz\/en\/wp-json\/wp\/v2\/media?parent=1280"}],"curies":[{"name":"wp","href":"https:\/\/api.w.org\/{rel}","templated":true}]}}