{"id":1282,"date":"2021-04-22T13:34:14","date_gmt":"2021-04-22T12:34:14","guid":{"rendered":"https:\/\/ms2021.parahockey.cz\/canada\/"},"modified":"2021-06-10T23:02:13","modified_gmt":"2021-06-10T21:02:13","slug":"canada","status":"publish","type":"page","link":"https:\/\/ms2021.parahockey.cz\/en\/canada\/","title":{"rendered":"Canada"},"content":{"rendered":"\n<figure class=\"wp-block-image size-large\"><img decoding=\"async\" loading=\"lazy\" width=\"1024\" height=\"682\" src=\"https:\/\/ms2021.parahockey.cz\/wp-content\/uploads\/2021\/04\/Tym-Kanady-1024x682.jpg\" alt=\"Team Canada on MS 2019 in Ostrava\" class=\"wp-image-1061\" srcset=\"https:\/\/ms2021.parahockey.cz\/wp-content\/uploads\/2021\/04\/Tym-Kanady-1024x682.jpg 1024w, https:\/\/ms2021.parahockey.cz\/wp-content\/uploads\/2021\/04\/Tym-Kanady-300x200.jpg 300w, https:\/\/ms2021.parahockey.cz\/wp-content\/uploads\/2021\/04\/Tym-Kanady-768x511.jpg 768w, https:\/\/ms2021.parahockey.cz\/wp-content\/uploads\/2021\/04\/Tym-Kanady-20x13.jpg 20w, https:\/\/ms2021.parahockey.cz\/wp-content\/uploads\/2021\/04\/Tym-Kanady.jpg 1200w\" sizes=\"(max-width: 1024px) 100vw, 1024px\" \/><figcaption>Team Canada on MS 2019 in Ostrava<\/figcaption><\/figure>\n<p>Kanadsk\u00fd n\u00e1rodn\u00ed para hokejov\u00fd t\u00fdm (KNPHT) vznikl na za\u010d\u00e1tku 90. let a v roce 2004 se stal sou\u010d\u00e1st\u00ed Kanadsk\u00e9ho hokejov\u00e9ho programu. U\u017e od za\u010d\u00e1tku p\u0159itom pat\u0159il t\u00fdm Kanady k l\u00eddr\u016fm na mezin\u00e1rodn\u00ed para hokejov\u00e9 sc\u00e9n\u011b a pravideln\u011b se objevoval na p\u0159edn\u00edch p\u0159\u00ed\u010dk\u00e1ch (medailov\u00fdch pozic\u00edch) paralympi\u00e1d a mistrovstv\u00edch sv\u011bta. V roce 1994 z\u00edskal KNPHT bronzov\u00e9 medaile na zimn\u00ed paralympijsk\u00fd hr\u00e1ch, n\u00e1sledn\u011b v roce 1998 to byly st\u0159\u00edbrn\u00e9 medaile a svou sb\u00edrku pak zavr\u0161ili zlat\u00fdmi medailemi v roce 2006 na zimn\u00edch paralymp\u00edjsk\u00fdch hr\u00e1ch v italsk\u00e9m Tur\u00edn\u011b. K tomu p\u0159idali bronzov\u00e9 medaile v roce 2014 a st\u0159\u00edbrn\u00e9 v roce 2018. Kanadsk\u00fd t\u00fdm m\u00e1 tak ji\u017e 5 medail\u00ed z paralympi\u00e1d. K tomu \u010dty\u0159i zlat\u00e9 medaile z IPC Mistrovstv\u00ed sv\u011bta z let 2000, 2008, 2013 a 2017. Na MS v para hokeji Ostrava 2019 z\u00edskal kanadsk\u00fd t\u00fdm st\u0159\u00edbrn\u00e9 medaile.<\/p>\n\n<p>Nejmlad\u0161\u00ed hr\u00e1\u010d t\u00fdmu:\u00a0<strong><em>Auren Halbert 3. 12. <\/em>2002<\/strong><\/p>\n\n<p>Nejstar\u0161\u00ed hr\u00e1\u010d t\u00fdmu:<strong><em> Billy Bridges 22. 3. 198<\/em>4<\/strong><\/p>\n","protected":false},"excerpt":{"rendered":"<p>Kanadsk\u00fd n\u00e1rodn\u00ed para hokejov\u00fd t\u00fdm (KNPHT) vznikl na za\u010d\u00e1tku 90. let a v roce 2004 se stal sou\u010d\u00e1st\u00ed Kanadsk\u00e9ho hokejov\u00e9ho programu. U\u017e od za\u010d\u00e1tku p\u0159itom pat\u0159il t\u00fdm Kanady k l\u00eddr\u016fm na mezin\u00e1rodn\u00ed para hokejov\u00e9 sc\u00e9n\u011b a pravideln\u011b se objevoval na p\u0159edn\u00edch p\u0159\u00ed\u010dk\u00e1ch (medailov\u00fdch pozic\u00edch) paralympi\u00e1d a mistrovstv\u00edch sv\u011bta. V roce 1994 z\u00edskal KNPHT bronzov\u00e9 medaile [&hellip;]<\/p>\n","protected":false},"author":1,"featured_media":0,"parent":0,"menu_order":0,"comment_status":"closed","ping_status":"closed","template":"","meta":{"footnotes":""},"acf":[],"_links":{"self":[{"href":"https:\/\/ms2021.parahockey.cz\/en\/wp-json\/wp\/v2\/pages\/1282"}],"collection":[{"href":"https:\/\/ms2021.parahockey.cz\/en\/wp-json\/wp\/v2\/pages"}],"about":[{"href":"https:\/\/ms2021.parahockey.cz\/en\/wp-json\/wp\/v2\/types\/page"}],"author":[{"embeddable":true,"href":"https:\/\/ms2021.parahockey.cz\/en\/wp-json\/wp\/v2\/users\/1"}],"replies":[{"embeddable":true,"href":"https:\/\/ms2021.parahockey.cz\/en\/wp-json\/wp\/v2\/comments?post=1282"}],"version-history":[{"count":0,"href":"https:\/\/ms2021.parahockey.cz\/en\/wp-json\/wp\/v2\/pages\/1282\/revisions"}],"wp:attachment":[{"href":"https:\/\/ms2021.parahockey.cz\/en\/wp-json\/wp\/v2\/media?parent=1282"}],"curies":[{"name":"wp","href":"https:\/\/api.w.org\/{rel}","templated":true}]}}