{"id":1284,"date":"2021-04-22T13:37:38","date_gmt":"2021-04-22T12:37:38","guid":{"rendered":"https:\/\/ms2021.parahockey.cz\/norway\/"},"modified":"2021-06-10T23:02:13","modified_gmt":"2021-06-10T21:02:13","slug":"norway","status":"publish","type":"page","link":"https:\/\/ms2021.parahockey.cz\/en\/norway\/","title":{"rendered":"Norway"},"content":{"rendered":"\n<figure class=\"wp-block-image size-large\"><img decoding=\"async\" loading=\"lazy\" width=\"1024\" height=\"683\" src=\"https:\/\/ms2021.parahockey.cz\/wp-content\/uploads\/2021\/04\/Tym-Norska-1024x683.jpg\" alt=\"Team Norway on MS 2019 in Ostrava\" class=\"wp-image-1065\" srcset=\"https:\/\/ms2021.parahockey.cz\/wp-content\/uploads\/2021\/04\/Tym-Norska-1024x683.jpg 1024w, https:\/\/ms2021.parahockey.cz\/wp-content\/uploads\/2021\/04\/Tym-Norska-300x200.jpg 300w, https:\/\/ms2021.parahockey.cz\/wp-content\/uploads\/2021\/04\/Tym-Norska-768x512.jpg 768w, https:\/\/ms2021.parahockey.cz\/wp-content\/uploads\/2021\/04\/Tym-Norska-20x13.jpg 20w, https:\/\/ms2021.parahockey.cz\/wp-content\/uploads\/2021\/04\/Tym-Norska.jpg 1200w\" sizes=\"(max-width: 1024px) 100vw, 1024px\" \/><figcaption>Team Norway on MS 2019 in Ostrava<\/figcaption><\/figure>\n<p>Foundation date \u2013 1996<\/p>\n\n<p>Nejmlad\u0161\u00ed hr\u00e1\u010d t\u00fdmu: <strong><em>Fabian Cruickshank \u00d8verli 11. 11. 2003<\/em><\/strong><\/p>\n\n<p>Nejstar\u0161\u00ed hr\u00e1\u010d t\u00fdmu: <strong><em>Morten V\u00e6rnes 6. 12. 1981<\/em><\/strong><\/p>\n\n<p>Motto t\u00fdmu: \u201e<strong><em>Bl\u00f8d for drakta!&#8221; &#8211; \u201eJsme ochotni krv\u00e1cet za sv\u016fj t\u00fdm!<\/em><\/strong>&#8220;<\/p>\n\n<p><strong>Zaj\u00edmavost<\/strong>: Tak, jako pro \u010desk\u00fd hokejov\u00fd t\u00fdm, i pro para hokejov\u00fd t\u00fdm Norska byl historicky nej\u00fasp\u011b\u0161n\u011bj\u0161\u00ed rok 1998. Pr\u00e1v\u011b v\u00a0tomto roce z\u00edskala norsk\u00e1 para hokejov\u00e1 reprezentace na paralympi\u00e1d\u011b v\u00a0Naganu zlat\u00e9 medaile.<\/p>\n\n<h2 class=\"wp-block-heading\"><strong>K \u00fasp\u011bch\u016fm t\u00fdmu pat\u0159\u00ed:<\/strong><\/h2>\n\n<p>2019 &#8211; Ostrava &#8211; Mistrovstv\u00ed sv\u011bta &#8211; 5. m\u00edsto<\/p>\n\n<p>2011 \u2013 Sollefte\u00e5 \u2013 EC \u2013 Bronze<\/p>\n\n<p>2010 \u2013 Vancouver \u2013 PL \u2013 Bronze<\/p>\n\n<p>2009 \u2013 Ostrava \u2013 Mistrovstv\u00ed sv\u011bta &#8211; St\u0159\u00edbro<\/p>\n\n<p>2008 \u2013 Boston \u2013 Mistrovstv\u00ed sv\u011bta &#8211; St\u0159\u00edbro<\/p>\n\n<p>2007 \u2013 Pinerolo \u2013 EC \u2013 Gold<\/p>\n\n<p>2006 \u2013 Torino \u2013 PL \u2013 Silver<\/p>\n\n<p>2004 \u2013 \u00f6rnsk\u00f6ldsvik \u2013 Mistrovstv\u00ed sv\u011bta &#8211; Zlato<\/p>\n\n<p>2002 \u2013 Salt Lake City \u2013 paralympi\u00e1da &#8211; St\u0159\u00edbro<\/p>\n\n<p>2000 \u2013 Salt Lake City \u2013 WC \u2013 Silver<\/p>\n\n<p>1998 \u2013 Nagano \u2013 PL \u2013 Gold<\/p>\n\n<p>1996 \u2013 Nyneshavn \u2013 WC \u2013 Silver<\/p>\n\n<p>1994 \u2013 Lillehammer \u2013 PL \u2013 Silver<\/p>\n\n<p>1992 \u2013 Ottawa \u2013 WC \u2013 Silver<\/p>\n\n<p><\/p>\n\n<p><\/p>\n\n<p><\/p>\n\n<p><\/p>\n\n<p><\/p>\n\n<p><\/p>\n\n<p><\/p>\n\n<p><\/p>\n\n<p><\/p>\n\n<p><\/p>\n\n<p><\/p>\n\n<p><\/p>\n\n<p><\/p>\n","protected":false},"excerpt":{"rendered":"<p>Foundation date \u2013 1996 Nejmlad\u0161\u00ed hr\u00e1\u010d t\u00fdmu: Fabian Cruickshank \u00d8verli 11. 11. 2003 Nejstar\u0161\u00ed hr\u00e1\u010d t\u00fdmu: Morten V\u00e6rnes 6. 12. 1981 Motto t\u00fdmu: \u201eBl\u00f8d for drakta!&#8221; &#8211; \u201eJsme ochotni krv\u00e1cet za sv\u016fj t\u00fdm!&#8220; Zaj\u00edmavost: Tak, jako pro \u010desk\u00fd hokejov\u00fd t\u00fdm, i pro para hokejov\u00fd t\u00fdm Norska byl historicky nej\u00fasp\u011b\u0161n\u011bj\u0161\u00ed rok 1998. Pr\u00e1v\u011b v\u00a0tomto roce z\u00edskala [&hellip;]<\/p>\n","protected":false},"author":1,"featured_media":0,"parent":0,"menu_order":0,"comment_status":"closed","ping_status":"closed","template":"","meta":{"footnotes":""},"acf":[],"_links":{"self":[{"href":"https:\/\/ms2021.parahockey.cz\/en\/wp-json\/wp\/v2\/pages\/1284"}],"collection":[{"href":"https:\/\/ms2021.parahockey.cz\/en\/wp-json\/wp\/v2\/pages"}],"about":[{"href":"https:\/\/ms2021.parahockey.cz\/en\/wp-json\/wp\/v2\/types\/page"}],"author":[{"embeddable":true,"href":"https:\/\/ms2021.parahockey.cz\/en\/wp-json\/wp\/v2\/users\/1"}],"replies":[{"embeddable":true,"href":"https:\/\/ms2021.parahockey.cz\/en\/wp-json\/wp\/v2\/comments?post=1284"}],"version-history":[{"count":0,"href":"https:\/\/ms2021.parahockey.cz\/en\/wp-json\/wp\/v2\/pages\/1284\/revisions"}],"wp:attachment":[{"href":"https:\/\/ms2021.parahockey.cz\/en\/wp-json\/wp\/v2\/media?parent=1284"}],"curies":[{"name":"wp","href":"https:\/\/api.w.org\/{rel}","templated":true}]}}