{"id":1286,"date":"2021-04-22T13:41:30","date_gmt":"2021-04-22T12:41:30","guid":{"rendered":"https:\/\/ms2021.parahockey.cz\/south-korea\/"},"modified":"2021-06-10T23:02:12","modified_gmt":"2021-06-10T21:02:12","slug":"south-korea","status":"publish","type":"page","link":"https:\/\/ms2021.parahockey.cz\/en\/south-korea\/","title":{"rendered":"South Korea"},"content":{"rendered":"\n<figure class=\"wp-block-image size-large\"><img decoding=\"async\" loading=\"lazy\" width=\"1024\" height=\"682\" src=\"https:\/\/ms2021.parahockey.cz\/wp-content\/uploads\/2021\/04\/Tym-Korea-1024x682.jpg\" alt=\"Team South Korea on MS2019 in Ostrava\" class=\"wp-image-1055\" srcset=\"https:\/\/ms2021.parahockey.cz\/wp-content\/uploads\/2021\/04\/Tym-Korea-1024x682.jpg 1024w, https:\/\/ms2021.parahockey.cz\/wp-content\/uploads\/2021\/04\/Tym-Korea-300x200.jpg 300w, https:\/\/ms2021.parahockey.cz\/wp-content\/uploads\/2021\/04\/Tym-Korea-768x511.jpg 768w, https:\/\/ms2021.parahockey.cz\/wp-content\/uploads\/2021\/04\/Tym-Korea-20x13.jpg 20w, https:\/\/ms2021.parahockey.cz\/wp-content\/uploads\/2021\/04\/Tym-Korea.jpg 1200w\" sizes=\"(max-width: 1024px) 100vw, 1024px\" \/><figcaption>Team South Korea on MS2019 in Ostrava<\/figcaption><\/figure>\n<p>V \u010dervenci 1998 odstartovala historie korejsk\u00e9ho para hokejov\u00e9ho t\u00fdmu v \u010dele s gener\u00e1ln\u00edm \u0159editelem Seong-Geunem Leeem z ReCom Medical za podpory myopatick\u00e9 nadace rehabilita\u010dn\u00ed nemocnice v Yonsei. V z\u00e1\u0159\u00ed 2004 byla zalo\u017eena Korejsk\u00e1 hokejov\u00e1 asociace pro zdravotn\u011b posti\u017een\u00e9. Na Zimn\u00edch paralympijsk\u00fdch hr\u00e1ch v Pyeongchangu z\u00edskal t\u00fdm Ji\u017en\u00ed Koreje svou v\u016fbec prvn\u00ed medaili.V lednu 2019 se korejsk\u00fd t\u00fdm z\u00fa\u010dastnil PIH poh\u00e1ru v Tur\u00edn\u011b, kde vyhr\u00e1l v\u0161ech p\u011bt z\u00e1pas\u016f proti It\u00e1lii, Norsku a Slovensku a t\u00fdm tak dos\u00e1hl na prvn\u00ed m\u00edsto. Byl to jeden z nejv\u00fdznamn\u011bj\u0161\u00edch a nejpozoruhodn\u011bj\u0161\u00edch okam\u017eik\u016f korejsk\u00e9ho t\u00fdmu.<\/p>\n\n<p>V roce 2019 t\u00fdm Ji\u017en\u00ed Koreje z\u00edskal bronzovou mediali na MS v para hokeji Ostrava 2019. <a href=\"https:\/\/paraostrava2019.cz\/udalost\/lsem-1-vs-lsem-2\/\" class=\"rank-math-link\" target=\"_blank\" rel=\"noopener\">V souboj\u00ed s dom\u00e1c\u00edm t\u00fdmem \u010cesk\u00e9 republiky vyhr\u00e1l ost\u0159e sledovan\u00fd z\u00e1pas 4:1. <\/a><\/p>\n","protected":false},"excerpt":{"rendered":"<p>V \u010dervenci 1998 odstartovala historie korejsk\u00e9ho para hokejov\u00e9ho t\u00fdmu v \u010dele s gener\u00e1ln\u00edm \u0159editelem Seong-Geunem Leeem z ReCom Medical za podpory myopatick\u00e9 nadace rehabilita\u010dn\u00ed nemocnice v Yonsei. V z\u00e1\u0159\u00ed 2004 byla zalo\u017eena Korejsk\u00e1 hokejov\u00e1 asociace pro zdravotn\u011b posti\u017een\u00e9. Na Zimn\u00edch paralympijsk\u00fdch hr\u00e1ch v Pyeongchangu z\u00edskal t\u00fdm Ji\u017en\u00ed Koreje svou v\u016fbec prvn\u00ed medaili.V lednu 2019 se [&hellip;]<\/p>\n","protected":false},"author":1,"featured_media":0,"parent":0,"menu_order":0,"comment_status":"closed","ping_status":"closed","template":"","meta":{"footnotes":""},"acf":[],"_links":{"self":[{"href":"https:\/\/ms2021.parahockey.cz\/en\/wp-json\/wp\/v2\/pages\/1286"}],"collection":[{"href":"https:\/\/ms2021.parahockey.cz\/en\/wp-json\/wp\/v2\/pages"}],"about":[{"href":"https:\/\/ms2021.parahockey.cz\/en\/wp-json\/wp\/v2\/types\/page"}],"author":[{"embeddable":true,"href":"https:\/\/ms2021.parahockey.cz\/en\/wp-json\/wp\/v2\/users\/1"}],"replies":[{"embeddable":true,"href":"https:\/\/ms2021.parahockey.cz\/en\/wp-json\/wp\/v2\/comments?post=1286"}],"version-history":[{"count":0,"href":"https:\/\/ms2021.parahockey.cz\/en\/wp-json\/wp\/v2\/pages\/1286\/revisions"}],"wp:attachment":[{"href":"https:\/\/ms2021.parahockey.cz\/en\/wp-json\/wp\/v2\/media?parent=1286"}],"curies":[{"name":"wp","href":"https:\/\/api.w.org\/{rel}","templated":true}]}}