{"id":1288,"date":"2021-04-22T13:42:23","date_gmt":"2021-04-22T12:42:23","guid":{"rendered":"https:\/\/ms2021.parahockey.cz\/usa\/"},"modified":"2021-06-10T23:02:13","modified_gmt":"2021-06-10T21:02:13","slug":"usa","status":"publish","type":"page","link":"https:\/\/ms2021.parahockey.cz\/en\/usa\/","title":{"rendered":"USA"},"content":{"rendered":"\n<figure class=\"wp-block-image size-large\"><img decoding=\"async\" loading=\"lazy\" width=\"1024\" height=\"683\" src=\"https:\/\/ms2021.parahockey.cz\/wp-content\/uploads\/2021\/04\/Tym-USA-1024x683.jpg\" alt=\"Team USA on MS2019 in Ostrava\" class=\"wp-image-1069\" srcset=\"https:\/\/ms2021.parahockey.cz\/wp-content\/uploads\/2021\/04\/Tym-USA-1024x683.jpg 1024w, https:\/\/ms2021.parahockey.cz\/wp-content\/uploads\/2021\/04\/Tym-USA-300x200.jpg 300w, https:\/\/ms2021.parahockey.cz\/wp-content\/uploads\/2021\/04\/Tym-USA-768x512.jpg 768w, https:\/\/ms2021.parahockey.cz\/wp-content\/uploads\/2021\/04\/Tym-USA-20x13.jpg 20w, https:\/\/ms2021.parahockey.cz\/wp-content\/uploads\/2021\/04\/Tym-USA.jpg 1200w\" sizes=\"(max-width: 1024px) 100vw, 1024px\" \/><figcaption>Team USA on MS2019 in Ostrava<\/figcaption><\/figure>\n<p>N\u00e1rodn\u00ed para hokejov\u00fd t\u00fdm USA byl zalo\u017een v roce 1998. K jeho nejv\u011bt\u0161\u00edm \u00fasp\u011bch\u016fm pat\u0159\u00ed \u010dty\u0159i paralympijsk\u00e9 zlat\u00e9 medaile a \u010dty\u0159i zlat\u00e9 medaile z mistrovstv\u00ed sv\u011bta. T\u00fdm USA z\u00edskal svou prvn\u00ed i posledn\u00ed zlatou medaili na mistrovstv\u00ed sv\u011bta v Ostrav\u011b, tu prvn\u00ed v roce 2009 a zat\u00edm posledn\u00ed na MS v para hokeji Ostrava 2019.<\/p>\n\n<p>Nejmlad\u0161\u00ed hr\u00e1\u010d t\u00fdmu:\u00a0<strong><em><em>David Eustace 3. 5. 1999\u00a0<\/em><\/em><\/strong><\/p>\n\n<p>Nejstar\u0161\u00ed hr\u00e1\u010d t\u00fdmu:<strong><em><em> Rico Roman 4.2.1981<\/em><\/em><\/strong><\/p>\n\n<p>Motto t\u00fdmu: <strong>\u201e<em>Guarenteed today, earn tomorrow!<\/em>&#8221; &#8211; \u201eT\u011b\u017eko na cvi\u010di\u0161ti, lehko na boji\u0161ti.&#8221;<\/strong><\/p>\n\n<h2 class=\"wp-block-heading\"><strong>K \u00fasp\u011bch\u016fm t\u00fdmu pat\u0159\u00ed:<\/strong><\/h2>\n\n<p>2018, 2014, 2010, 2002 &#8211; v\u00edt\u011bzov\u00e9 zimn\u00edch paralympijsk\u00fdch her<\/p>\n\n<p>2019, 2015, 2012, 2009 &#8211; v\u00edt\u011bzov\u00e9 mistrovstv\u00ed sv\u011bta v para hokeji<\/p>\n\n<p>2018, 2017, 2016, 2015, 2012, 2009 &#8211; mist\u0159i World Sled Hockey Challenge<\/p>\n\n<p><strong><em>Jak se t\u00fdm USA t\u011b\u0161\u00ed op\u011bt do Ostravy?<\/em><\/strong><br\/>Moc, je to \u00fa\u017easn\u00e9 prost\u0159ed\u00ed pro po\u0159\u00e1d\u00e1n\u00ed sv\u011btov\u00e9ho \u0161ampion\u00e1tu. Jsou zde naprosto fantasti\u010dt\u00ed fanou\u0161ci. Po posledn\u00edm covidov\u00e9m roce se na n\u00e1vrat do Ostravy moc t\u011b\u0161\u00edme a douf\u00e1me, \u017ee zopakujeme sv\u016fj v\u00fdsledek z roku 2019.<\/p>\n\n<p><strong><em>Co se V\u00e1m l\u00edb\u00ed na \u010cesk\u00e9 republice?<\/em><\/strong><br\/>Lid\u00e9! V\u0161ichni v Ostrav\u011b jsou v\u017edy velmi vst\u0159\u00edcn\u00ed a kdykoliv jsme hr\u00e1li s \u010desk\u00fdm t\u00fdmem, hala byla \u00fapln\u011b pln\u00e1 nad\u0161en\u00fdch fanou\u0161k\u016f, kte\u0159\u00ed para hokej vzali za sv\u016fj. Atmosf\u00e9ra, kterou \u010de\u0161t\u00ed fanou\u0161ci um\u011bj\u00ed vytvo\u0159it je naprosto neuv\u011b\u0159iteln\u00e1!<\/p>\n\n<p><\/p>\n\n<p><\/p>\n","protected":false},"excerpt":{"rendered":"<p>N\u00e1rodn\u00ed para hokejov\u00fd t\u00fdm USA byl zalo\u017een v roce 1998. K jeho nejv\u011bt\u0161\u00edm \u00fasp\u011bch\u016fm pat\u0159\u00ed \u010dty\u0159i paralympijsk\u00e9 zlat\u00e9 medaile a \u010dty\u0159i zlat\u00e9 medaile z mistrovstv\u00ed sv\u011bta. T\u00fdm USA z\u00edskal svou prvn\u00ed i posledn\u00ed zlatou medaili na mistrovstv\u00ed sv\u011bta v Ostrav\u011b, tu prvn\u00ed v roce 2009 a zat\u00edm posledn\u00ed na MS v para hokeji Ostrava 2019. [&hellip;]<\/p>\n","protected":false},"author":1,"featured_media":0,"parent":0,"menu_order":0,"comment_status":"closed","ping_status":"closed","template":"","meta":{"footnotes":""},"acf":[],"_links":{"self":[{"href":"https:\/\/ms2021.parahockey.cz\/en\/wp-json\/wp\/v2\/pages\/1288"}],"collection":[{"href":"https:\/\/ms2021.parahockey.cz\/en\/wp-json\/wp\/v2\/pages"}],"about":[{"href":"https:\/\/ms2021.parahockey.cz\/en\/wp-json\/wp\/v2\/types\/page"}],"author":[{"embeddable":true,"href":"https:\/\/ms2021.parahockey.cz\/en\/wp-json\/wp\/v2\/users\/1"}],"replies":[{"embeddable":true,"href":"https:\/\/ms2021.parahockey.cz\/en\/wp-json\/wp\/v2\/comments?post=1288"}],"version-history":[{"count":0,"href":"https:\/\/ms2021.parahockey.cz\/en\/wp-json\/wp\/v2\/pages\/1288\/revisions"}],"wp:attachment":[{"href":"https:\/\/ms2021.parahockey.cz\/en\/wp-json\/wp\/v2\/media?parent=1288"}],"curies":[{"name":"wp","href":"https:\/\/api.w.org\/{rel}","templated":true}]}}